{"id":569,"date":"2018-09-10T07:16:19","date_gmt":"2018-09-10T07:16:19","guid":{"rendered":"https:\/\/navigatiosolis.lt\/?page_id=569"},"modified":"2018-09-10T07:54:21","modified_gmt":"2018-09-10T07:54:21","slug":"paslaugos","status":"publish","type":"page","link":"https:\/\/navigatiosolis.lt\/lt\/paslaugos\/","title":{"rendered":"Paslaugos"},"content":{"rendered":"<p>[vc_row css_animation=&#8221;&#8221; row_type=&#8221;row&#8221; use_row_as_full_screen_section=&#8221;no&#8221; type=&#8221;full_width&#8221; angled_section=&#8221;no&#8221; text_align=&#8221;left&#8221; background_image_as_pattern=&#8221;without_pattern&#8221;][vc_column][vc_empty_space][\/vc_column][\/vc_row][vc_row css_animation=&#8221;&#8221; row_type=&#8221;row&#8221; use_row_as_full_screen_section=&#8221;no&#8221; type=&#8221;grid&#8221; angled_section=&#8221;no&#8221; text_align=&#8221;left&#8221; background_image_as_pattern=&#8221;without_pattern&#8221; z_index=&#8221;&#8221; css=&#8221;.vc_custom_1526305755609{padding-top: 2% !important;padding-bottom: 2% !important;}&#8221;][vc_column][qode_elements_holder number_of_columns=&#8221;two_columns&#8221; columns_proportion=&#8221;25_75&#8243;][qode_elements_holder_item advanced_animations=&#8221;no&#8221;][vc_empty_space][vc_single_image image=&#8221;343&#8243; img_size=&#8221;300&#215;300&#8243; alignment=&#8221;center&#8221; style=&#8221;vc_box_circle_2&#8243; qode_css_animation=&#8221;&#8221; qode_hover_animation=&#8221;zoom_in&#8221;][vc_empty_space][\/qode_elements_holder_item][qode_elements_holder_item item_padding=&#8221;5% 10% 5% 1%&#8221; advanced_animations=&#8221;no&#8221; item_padding_600_768=&#8221;5% 1%&#8221; item_padding_480_600=&#8221;5% 1%&#8221; item_padding_480=&#8221;5% 1%&#8221;][vc_column_text]<\/p>\n<h4>Trampini\u0173 ir linijini\u0173 laiv\u0173 agentavimas<\/h4>\n<div class=\"breadcrumb\">\n<div class=\"breadcrumbs\"><\/div>\n<\/div>\n<p>[\/vc_column_text][vc_empty_space][vc_column_text]Lorem ipsum dolor sit amet, consectetur adipiscing elit. Nunc convallis odio ex, id mattis lacus vestibulum eu. Maecenas libero nisi, tristique sit amet est eget, sodales dictum sapien. Nam suscipit maximus augue at ornare. Aliquam nec commodo turpis, et condimentum nulla.[\/vc_column_text][vc_empty_space]\n\n\t<a href=\"https:\/\/navigatiosolis.lt\/lt\/paslaugos\/trampiniu-ir-linijiniu-laivu-agentavimas\/\" target=\"_self\"  class=\"qode-btn qode-btn-medium qode-btn-solid qode-btn-default-hover\"  >\n\t    <span class=\"qode-btn-text\">Daugiau<\/span>\t<\/a>\n\n[\/qode_elements_holder_item][\/qode_elements_holder][\/vc_column][\/vc_row][vc_row css_animation=&#8221;&#8221; row_type=&#8221;row&#8221; use_row_as_full_screen_section=&#8221;no&#8221; type=&#8221;grid&#8221; angled_section=&#8221;no&#8221; text_align=&#8221;left&#8221; background_image_as_pattern=&#8221;without_pattern&#8221; z_index=&#8221;&#8221; css=&#8221;.vc_custom_1526306040785{padding-top: 2% !important;padding-bottom: 2% !important;background-color: rgba(201,207,227,0.71) !important;*background-color: rgb(201,207,227) !important;}&#8221;][vc_column][qode_elements_holder number_of_columns=&#8221;two_columns&#8221; columns_proportion=&#8221;25_75&#8243;][qode_elements_holder_item advanced_animations=&#8221;no&#8221;][vc_empty_space][vc_single_image image=&#8221;344&#8243; img_size=&#8221;300&#215;300&#8243; alignment=&#8221;center&#8221; style=&#8221;vc_box_circle_2&#8243; qode_css_animation=&#8221;&#8221; qode_hover_animation=&#8221;zoom_in&#8221;][vc_empty_space][\/qode_elements_holder_item][qode_elements_holder_item item_padding=&#8221;5% 10% 5% 1%&#8221; advanced_animations=&#8221;no&#8221; item_padding_600_768=&#8221;5% 1%&#8221; item_padding_480_600=&#8221;5% 1%&#8221; item_padding_480=&#8221;5% 1%&#8221;][vc_column_text]<\/p>\n<h4>Brokerio tarpininkavimas<\/h4>\n<div class=\"breadcrumb\">\n<div class=\"breadcrumbs\"><\/div>\n<\/div>\n<p>[\/vc_column_text][vc_empty_space][vc_column_text]Lorem ipsum dolor sit amet, consectetur adipiscing elit. Nunc convallis odio ex, id mattis lacus vestibulum eu. Maecenas libero nisi, tristique sit amet est eget, sodales dictum sapien. Nam suscipit maximus augue at ornare. Aliquam nec commodo turpis, et condimentum nulla.[\/vc_column_text][vc_empty_space]\n\n\t<a href=\"https:\/\/navigatiosolis.lt\/lt\/paslaugos\/brokerio-tarpininkavimas\/\" target=\"_self\"  class=\"qode-btn qode-btn-medium qode-btn-solid qode-btn-default-hover\"  >\n\t    <span class=\"qode-btn-text\">Daugiau<\/span>\t<\/a>\n\n[\/qode_elements_holder_item][\/qode_elements_holder][\/vc_column][\/vc_row][vc_row css_animation=&#8221;&#8221; row_type=&#8221;row&#8221; use_row_as_full_screen_section=&#8221;no&#8221; type=&#8221;grid&#8221; angled_section=&#8221;no&#8221; text_align=&#8221;left&#8221; background_image_as_pattern=&#8221;without_pattern&#8221; z_index=&#8221;&#8221; css=&#8221;.vc_custom_1526305755609{padding-top: 2% !important;padding-bottom: 2% !important;}&#8221;][vc_column][qode_elements_holder number_of_columns=&#8221;two_columns&#8221; columns_proportion=&#8221;25_75&#8243;][qode_elements_holder_item advanced_animations=&#8221;no&#8221;][vc_empty_space][vc_single_image image=&#8221;345&#8243; img_size=&#8221;300&#215;300&#8243; alignment=&#8221;center&#8221; style=&#8221;vc_box_circle_2&#8243; qode_css_animation=&#8221;&#8221; qode_hover_animation=&#8221;zoom_in&#8221;][vc_empty_space][\/qode_elements_holder_item][qode_elements_holder_item item_padding=&#8221;5% 10% 5% 1%&#8221; advanced_animations=&#8221;no&#8221; item_padding_600_768=&#8221;5% 1%&#8221; item_padding_480_600=&#8221;5% 1%&#8221; item_padding_480=&#8221;5% 1%&#8221;][vc_column_text]<\/p>\n<h4>Krovini\u0173 ekspedijavimas ir muitin\u0117s paslaugos<\/h4>\n<div class=\"breadcrumb\">\n<div class=\"breadcrumbs\"><\/div>\n<\/div>\n<p>[\/vc_column_text][vc_empty_space][vc_column_text]Lorem ipsum dolor sit amet, consectetur adipiscing elit. Nunc convallis odio ex, id mattis lacus vestibulum eu. Maecenas libero nisi, tristique sit amet est eget, sodales dictum sapien. Nam suscipit maximus augue at ornare. Aliquam nec commodo turpis, et condimentum nulla.[\/vc_column_text][vc_empty_space]\n\n\t<a href=\"https:\/\/navigatiosolis.lt\/lt\/paslaugos\/krovniu-ekspedijavimas-ir-muitines-paslaugos\/\" target=\"_self\"  class=\"qode-btn qode-btn-medium qode-btn-solid qode-btn-default-hover\"  >\n\t    <span class=\"qode-btn-text\">Daugiau<\/span>\t<\/a>\n\n[\/qode_elements_holder_item][\/qode_elements_holder][\/vc_column][\/vc_row][vc_row css_animation=&#8221;&#8221; row_type=&#8221;row&#8221; use_row_as_full_screen_section=&#8221;no&#8221; type=&#8221;grid&#8221; angled_section=&#8221;no&#8221; text_align=&#8221;left&#8221; background_image_as_pattern=&#8221;without_pattern&#8221; z_index=&#8221;&#8221; css=&#8221;.vc_custom_1526306051871{padding-top: 2% !important;padding-bottom: 2% !important;background-color: rgba(201,207,227,0.71) !important;*background-color: rgb(201,207,227) !important;}&#8221;][vc_column][qode_elements_holder number_of_columns=&#8221;two_columns&#8221; columns_proportion=&#8221;25_75&#8243;][qode_elements_holder_item advanced_animations=&#8221;no&#8221;][vc_empty_space][vc_single_image image=&#8221;349&#8243; img_size=&#8221;300&#215;300&#8243; alignment=&#8221;center&#8221; style=&#8221;vc_box_circle_2&#8243; qode_css_animation=&#8221;&#8221; qode_hover_animation=&#8221;zoom_in&#8221;][vc_empty_space][\/qode_elements_holder_item][qode_elements_holder_item item_padding=&#8221;5% 10% 5% 1%&#8221; advanced_animations=&#8221;no&#8221; item_padding_600_768=&#8221;5% 1%&#8221; item_padding_480_600=&#8221;5% 1%&#8221; item_padding_480=&#8221;5% 1%&#8221;][vc_column_text]<\/p>\n<h4>Projektai ir transportavimas<\/h4>\n<div class=\"breadcrumb\">\n<div class=\"breadcrumbs\"><\/div>\n<\/div>\n<p>[\/vc_column_text][vc_empty_space][vc_column_text]Lorem ipsum dolor sit amet, consectetur adipiscing elit. Nunc convallis odio ex, id mattis lacus vestibulum eu. Maecenas libero nisi, tristique sit amet est eget, sodales dictum sapien. Nam suscipit maximus augue at ornare. Aliquam nec commodo turpis, et condimentum nulla.[\/vc_column_text][vc_empty_space]\n\n\t<a href=\"https:\/\/navigatiosolis.lt\/lt\/paslaugos\/projektai-ir-transportavimas\/\" target=\"_self\"  class=\"qode-btn qode-btn-medium qode-btn-solid qode-btn-default-hover\"  >\n\t    <span class=\"qode-btn-text\">Daugiau<\/span>\t<\/a>\n\n[\/qode_elements_holder_item][\/qode_elements_holder][\/vc_column][\/vc_row]<\/p>\n","protected":false},"excerpt":{"rendered":"<p>[vc_row css_animation=&#8221;&#8221; row_type=&#8221;row&#8221; use_row_as_full_screen_section=&#8221;no&#8221; type=&#8221;full_width&#8221; angled_section=&#8221;no&#8221; text_align=&#8221;left&#8221; background_image_as_pattern=&#8221;without_pattern&#8221;][vc_column][vc_empty_space][\/vc_column][\/vc_row][vc_row css_animation=&#8221;&#8221; row_type=&#8221;row&#8221; use_row_as_full_screen_section=&#8221;no&#8221; type=&#8221;grid&#8221; angled_section=&#8221;no&#8221; text_align=&#8221;left&#8221; background_image_as_pattern=&#8221;without_pattern&#8221; z_index=&#8221;&#8221; css=&#8221;.vc_custom_1526305755609{padding-top: 2% !important;padding-bottom: 2% !important;}&#8221;][vc_column][qode_elements_holder number_of_columns=&#8221;two_columns&#8221; columns_proportion=&#8221;25_75&#8243;][qode_elements_holder_item advanced_animations=&#8221;no&#8221;][vc_empty_space][vc_single_image image=&#8221;343&#8243; img_size=&#8221;300&#215;300&#8243; alignment=&#8221;center&#8221; style=&#8221;vc_box_circle_2&#8243; qode_css_animation=&#8221;&#8221; qode_hover_animation=&#8221;zoom_in&#8221;][vc_empty_space][\/qode_elements_holder_item][qode_elements_holder_item item_padding=&#8221;5% 10% 5% 1%&#8221; advanced_animations=&#8221;no&#8221; item_padding_600_768=&#8221;5% 1%&#8221; item_padding_480_600=&#8221;5% 1%&#8221; item_padding_480=&#8221;5% 1%&#8221;][vc_column_text] Trampini\u0173 ir linijini\u0173 laiv\u0173&#8230;<\/p>\n","protected":false},"author":1,"featured_media":0,"parent":0,"menu_order":0,"comment_status":"closed","ping_status":"closed","template":"full_width.php","meta":{"footnotes":""},"class_list":["post-569","page","type-page","status-publish","hentry"],"_links":{"self":[{"href":"https:\/\/navigatiosolis.lt\/lt\/wp-json\/wp\/v2\/pages\/569","targetHints":{"allow":["GET"]}}],"collection":[{"href":"https:\/\/navigatiosolis.lt\/lt\/wp-json\/wp\/v2\/pages"}],"about":[{"href":"https:\/\/navigatiosolis.lt\/lt\/wp-json\/wp\/v2\/types\/page"}],"author":[{"embeddable":true,"href":"https:\/\/navigatiosolis.lt\/lt\/wp-json\/wp\/v2\/users\/1"}],"replies":[{"embeddable":true,"href":"https:\/\/navigatiosolis.lt\/lt\/wp-json\/wp\/v2\/comments?post=569"}],"version-history":[{"count":3,"href":"https:\/\/navigatiosolis.lt\/lt\/wp-json\/wp\/v2\/pages\/569\/revisions"}],"predecessor-version":[{"id":650,"href":"https:\/\/navigatiosolis.lt\/lt\/wp-json\/wp\/v2\/pages\/569\/revisions\/650"}],"wp:attachment":[{"href":"https:\/\/navigatiosolis.lt\/lt\/wp-json\/wp\/v2\/media?parent=569"}],"curies":[{"name":"wp","href":"https:\/\/api.w.org\/{rel}","templated":true}]}}