{"id":565,"date":"2018-09-10T07:14:23","date_gmt":"2018-09-10T07:14:23","guid":{"rendered":"https:\/\/navigatiosolis.lt\/?page_id=565"},"modified":"2018-10-16T09:39:51","modified_gmt":"2018-10-16T09:39:51","slug":"pagrindinis","status":"publish","type":"page","link":"https:\/\/navigatiosolis.lt\/lt\/","title":{"rendered":"Pagrindinis"},"content":{"rendered":"<p>[vc_row css_animation=&#8221;element_from_bottom&#8221; row_type=&#8221;row&#8221; use_row_as_full_screen_section=&#8221;no&#8221; type=&#8221;grid&#8221; angled_section=&#8221;no&#8221; text_align=&#8221;left&#8221; background_image_as_pattern=&#8221;without_pattern&#8221; z_index=&#8221;&#8221; css=&#8221;.vc_custom_1526377465868{padding-top: 3% !important;padding-bottom: 5% !important;background-color: #ffffff !important;}&#8221;][vc_column][qode_elements_holder number_of_columns=&#8221;two_columns&#8221; columns_proportion=&#8221;25_75&#8243;][qode_elements_holder_item advanced_animations=&#8221;no&#8221;][vc_empty_space][vc_single_image image=&#8221;335&#8243; img_size=&#8221;400&#215;400&#8243; alignment=&#8221;center&#8221; style=&#8221;vc_box_circle_2&#8243; qode_css_animation=&#8221;&#8221;][\/qode_elements_holder_item][qode_elements_holder_item item_padding=&#8221;2% 5% 2% 3%&#8221; advanced_animations=&#8221;no&#8221;][vc_empty_space][vc_column_text]<\/p>\n<h4>Lorem ipsum<\/h4>\n<p>[\/vc_column_text][vc_separator type=&#8221;small&#8221; position=&#8221;left&#8221;][vc_column_text]Lorem ipsum dolor sit amet, consectetur adipiscing elit. Morbi quis consectetur nunc, vel feugiat neque. Nunc placerat tellus in neque accumsan pharetra ac in tortor. Maecenas ut libero aliquam, lacinia sem convallis, cursus nisi. Nunc porta commodo laoreet. Donec venenatis purus ex, ac convallis sapien consectetur volutpat. Quisque facilisis mi non felis sagittis dictum. Aliquam rutrum magna nunc, eu vestibulum nunc euismod tristique. Nunc mi neque, accumsan in rhoncus vitae, ullamcorper et ligula. Donec faucibus diam sit amet nunc gravida, vehicula pretium nunc pulvinar. Pellentesque iaculis pharetra pulvinar. Duis nunc purus, venenatis in tempor vitae, feugiat ultricies nunc. Vivamus sit amet efficitur massa, vel fringilla mi. Class aptent taciti sociosqu ad litora torquent per conubia nostra, per inceptos himenaeos. Donec rhoncus consequat maximus.[\/vc_column_text][\/qode_elements_holder_item][\/qode_elements_holder][\/vc_column][\/vc_row][vc_row css_animation=&#8221;&#8221; row_type=&#8221;row&#8221; use_row_as_full_screen_section=&#8221;no&#8221; type=&#8221;full_width&#8221; angled_section=&#8221;no&#8221; text_align=&#8221;left&#8221; background_image=&#8221;679&#8243; background_image_as_pattern=&#8221;without_pattern&#8221; css=&#8221;.vc_custom_1539682640407{background-color: rgba(215,220,233,0.67) !important;*background-color: rgb(215,220,233) !important;}&#8221; z_index=&#8221;&#8221;][vc_column][qode_elements_holder number_of_columns=&#8221;two_columns&#8221;][qode_elements_holder_item background_image=&#8221;483&#8243; cover=&#8221;yes&#8221; advanced_animations=&#8221;no&#8221;][vc_empty_space height=&#8221;200px&#8221;][\/qode_elements_holder_item][qode_elements_holder_item background_color=&#8221;#e3e6ee&#8221; item_padding=&#8221;5%&#8221; advanced_animations=&#8221;no&#8221;]<div class='q_icon_with_title small circle left_from_title '><div class=\"icon_text_holder\" style=\"\"><div class=\"icon_text_inner\" style=\"\"><div class=\"icon_title_holder\"><div class=\"icon_holder q_icon_animation\" style=\" \"><span data-icon-type=\"circle\" data-icon-hover-color=\"#ffffff\"  class=\"qode_iwt_icon_holder fa-stack fa-2x  \" style=\"background-color: #233d8d;\"><i class=\"qode_icon_font_awesome fa fa-ship qode_iwt_icon_element\" style=\"color: #ffffff;\" ><\/i><\/span><\/div><h4 class=\"icon_title\" style=\"\">Trampini\u0173 ir linijini\u0173 laiv\u0173 agentavimas<\/h4><\/div><p style=''>Lorem ipsum dolor sit amet, consectetur adipiscing elit. Ut vel dui quis libero rutrum accumsan eu sit amet nisi. Vestibulum malesuada viverra odio et egestas.<\/p><a itemprop='url' class='icon_with_title_link' href='https:\/\/navigatiosolis.lt\/lt\/paslaugos\/trampiniu-ir-linijiniu-laivu-agentavimas\/' target='_self' style=''>Daugiau<\/a><\/div><\/div><\/div><div class='q_icon_with_title small circle left_from_title '><div class=\"icon_text_holder\" style=\"\"><div class=\"icon_text_inner\" style=\"\"><div class=\"icon_title_holder\"><div class=\"icon_holder q_icon_animation\" style=\" \"><span data-icon-type=\"circle\" data-icon-hover-color=\"#ffffff\"  class=\"qode_iwt_icon_holder fa-stack fa-2x  \" style=\"background-color: #233d8d;\"><i class=\"qode_icon_font_awesome fa fa-ship qode_iwt_icon_element\" style=\"color: #ffffff;\" ><\/i><\/span><\/div><h4 class=\"icon_title\" style=\"\"> Brokerio tarpininkavimas<\/h4><\/div><p style=''>Lorem ipsum dolor sit amet, consectetur adipiscing elit. Ut vel dui quis libero rutrum accumsan eu sit amet nisi. Vestibulum malesuada viverra odio et egestas.<\/p><a itemprop='url' class='icon_with_title_link' href='https:\/\/navigatiosolis.lt\/lt\/paslaugos\/brokerio-tarpininkavimas\/' target='_self' style=''>Daugiau<\/a><\/div><\/div><\/div><div class='q_icon_with_title small circle left_from_title '><div class=\"icon_text_holder\" style=\"\"><div class=\"icon_text_inner\" style=\"\"><div class=\"icon_title_holder\"><div class=\"icon_holder q_icon_animation\" style=\" \"><span data-icon-type=\"circle\" data-icon-hover-color=\"#ffffff\"  class=\"qode_iwt_icon_holder fa-stack fa-2x  \" style=\"background-color: #233d8d;\"><i class=\"qode_icon_font_awesome fa fa-ship qode_iwt_icon_element\" style=\"color: #ffffff;\" ><\/i><\/span><\/div><h4 class=\"icon_title\" style=\"\">Krovini\u0173 ekspedijavimas ir muitin\u0117s paslaugos<\/h4><\/div><p style=''>Lorem ipsum dolor sit amet, consectetur adipiscing elit. Ut vel dui quis libero rutrum accumsan eu sit amet nisi. Vestibulum malesuada viverra odio et egestas.<\/p><a itemprop='url' class='icon_with_title_link' href='https:\/\/navigatiosolis.lt\/lt\/paslaugos\/krovniu-ekspedijavimas-ir-muitines-paslaugos\/' target='_self' style=''>Daugiau<\/a><\/div><\/div><\/div><div class='q_icon_with_title small circle left_from_title '><div class=\"icon_text_holder\" style=\"\"><div class=\"icon_text_inner\" style=\"\"><div class=\"icon_title_holder\"><div class=\"icon_holder q_icon_animation\" style=\" \"><span data-icon-type=\"circle\" data-icon-hover-color=\"#ffffff\"  class=\"qode_iwt_icon_holder fa-stack fa-2x  \" style=\"background-color: #233d8d;\"><i class=\"qode_icon_font_awesome fa fa-ship qode_iwt_icon_element\" style=\"color: #ffffff;\" ><\/i><\/span><\/div><h4 class=\"icon_title\" style=\"\"> Projektai ir transportavimas<\/h4><\/div><p style=''>Lorem ipsum dolor sit amet, consectetur adipiscing elit. Ut vel dui quis libero rutrum accumsan eu sit amet nisi. Vestibulum malesuada viverra odio et egestas.<\/p><a itemprop='url' class='icon_with_title_link' href='https:\/\/navigatiosolis.lt\/lt\/paslaugos\/projektai-ir-transportavimas\/' target='_self' style=''>Daugiau<\/a><\/div><\/div><\/div>[\/qode_elements_holder_item][\/qode_elements_holder][\/vc_column][\/vc_row][vc_row row_type=&#8221;parallax&#8221; parallax_content_width=&#8221;in_grid&#8221; text_align=&#8221;left&#8221; background_image=&#8221;486&#8243; full_screen_section_height=&#8221;no&#8221; css=&#8221;.vc_custom_1526376797930{padding-top: 3% !important;padding-bottom: 3% !important;background-color: rgba(255,255,255,0.87) !important;*background-color: rgb(255,255,255) !important;}&#8221;][vc_column css=&#8221;.vc_custom_1526376769220{padding-top: 10% !important;}&#8221;][vc_empty_space][vc_column_text]<\/p>\n<h2 style=\"text-align: center;\">Galerija<\/h2>\n<p>[\/vc_column_text][vc_separator type=&#8221;small&#8221; position=&#8221;center&#8221;][vc_empty_space][\/vc_column][vc_column width=&#8221;1\/3&#8243;][vc_empty_space]<span data-type=\"circle\" data-hover-bg-color=\"#1c378a\"  class=\"qode_icon_shortcode fa-stack q_font_awsome_icon_stack fa-3x pull-center \" style=\" \"><a  itemprop=\"url\" href=\"https:\/\/navigatiosolis.lt\/lt\/galerija\/zemelapiai\/\" target=\"_self\"><i class=\"fa fa-circle fa-stack-base fa-stack-2x\" style=\"color: #1c378a;\"><\/i><i class=\"qode_icon_font_awesome fa fa-map qode_icon_element fa-stack-1x\" style=\"\" ><\/i><\/a><\/span>[vc_empty_space height=&#8221;16px&#8221;][vc_column_text]<\/p>\n<h4 style=\"text-align: center;\"><a href=\"https:\/\/navigatiosolis.lt\/lt\/galerija\/zemelapiai\/\">\u017dem\u0117lapiai<\/a><\/h4>\n<p>[\/vc_column_text][vc_empty_space][\/vc_column][vc_column width=&#8221;1\/3&#8243;][vc_empty_space]<span data-type=\"circle\" data-hover-bg-color=\"#1c378a\"  class=\"qode_icon_shortcode fa-stack q_font_awsome_icon_stack fa-3x pull-center \" style=\" \"><a  itemprop=\"url\" href=\"https:\/\/navigatiosolis.lt\/lt\/galerija\/nuotraukos\/\" target=\"_self\"><i class=\"fa fa-circle fa-stack-base fa-stack-2x\" style=\"color: #1c378a;\"><\/i><i class=\"qode_icon_font_awesome fa fa-picture-o qode_icon_element fa-stack-1x\" style=\"\" ><\/i><\/a><\/span>[vc_empty_space height=&#8221;16px&#8221;][vc_column_text]<\/p>\n<h4 style=\"text-align: center;\"><a href=\"https:\/\/navigatiosolis.lt\/lt\/galerija\/nuotraukos\/\">Nuotraukos<\/a><\/h4>\n<p>[\/vc_column_text][vc_empty_space][\/vc_column][vc_column width=&#8221;1\/3&#8243;][vc_empty_space]<span data-type=\"circle\" data-hover-bg-color=\"#1c378a\"  class=\"qode_icon_shortcode fa-stack q_font_awsome_icon_stack fa-3x pull-center \" style=\" \"><a  itemprop=\"url\" href=\"https:\/\/navigatiosolis.lt\/lt\/galerija\/naudinda-informacija\/\" target=\"_self\"><i class=\"fa fa-circle fa-stack-base fa-stack-2x\" style=\"color: #1c378a;\"><\/i><i class=\"qode_icon_font_awesome fa fa-question qode_icon_element fa-stack-1x\" style=\"\" ><\/i><\/a><\/span>[vc_empty_space height=&#8221;16px&#8221;][vc_column_text]<\/p>\n<h4 style=\"text-align: center;\"><a href=\"https:\/\/navigatiosolis.lt\/lt\/galerija\/naudinda-informacija\/\">Naudinga informacija<\/a><\/h4>\n<p>[\/vc_column_text][vc_empty_space][\/vc_column][vc_column css=&#8221;.vc_custom_1526376775004{padding-bottom: 10% !important;}&#8221;][vc_empty_space][\/vc_column][\/vc_row][vc_row css_animation=&#8221;&#8221; row_type=&#8221;row&#8221; use_row_as_full_screen_section=&#8221;no&#8221; type=&#8221;grid&#8221; angled_section=&#8221;no&#8221; text_align=&#8221;left&#8221; background_image_as_pattern=&#8221;without_pattern&#8221; css=&#8221;.vc_custom_1526377446828{padding-top: 3% !important;padding-bottom: 32px !important;background-color: #e3e6ee !important;}&#8221; z_index=&#8221;&#8221;][vc_column][vc_empty_space][vc_column_text]<\/p>\n<h2 style=\"text-align: center;\">Lorem ipsum dolor est<\/h2>\n<p>[\/vc_column_text][vc_separator type=&#8221;small&#8221; position=&#8221;center&#8221;][vc_empty_space][\/vc_column][vc_column offset=&#8221;vc_col-lg-6 vc_col-md-6&#8243;][vc_single_image image=&#8221;680&#8243; img_size=&#8221;full&#8221; qode_css_animation=&#8221;&#8221;][\/vc_column][vc_column offset=&#8221;vc_col-lg-6 vc_col-md-6&#8243;]<div class=\"qode-accordion-holder clearfix qode-accordion qode-initial \">\n\t<h4 class=\"clearfix qode-title-holder\">\n<span class=\"qode-tab-title\">\n\t\t\t<span class=\"qode-tab-title-icon\">\n\t\t\t<span aria-hidden=\"true\" class=\"qode_icon_font_elegant icon_comment_alt \" ><\/span>\t\t<\/span>\n\t    <span class=\"qode-tab-title-inner\">\n        Lorem ipsum    <\/span>\n<\/span>\n<span class=\"qode-accordion-mark\">\n    <span class=\"qode-accordion-mark-icon\">\n        <span class=\"icon_plus\"><\/span>\n        <span class=\"icon_minus-06\"><\/span>\n    <\/span>\n<\/span>\n<\/h4>\n<div class=\"qode-accordion-content qode-acc-title-with-icon\" style=\"background-image: url(https:\/\/navigatiosolis.lt\/wp-content\/uploads\/2018\/10\/\u0417\u0430\u043a\u0430\u0442-\u0441-\u0447\u0430\u0438\u0306\u043a\u0430\u043c\u0438-1024x476.jpg); padding: 20px 73px 62px 60px\">\n    <div class=\"qode-accordion-content-inner\">\n        [vc_column_text]<\/p>\n<p style=\"text-align: left;\"><span style=\"color: #f4f4f4;\">This is Photoshop&#8217;s version of Lorem Ipsum. Proin gravida nibh vel velit auctor aliquet. Aenean sollicitudi lorem ipsum dolor lorem quis bibendum auctor, nisi elit consequat ipsum, nec sagittis sem nibh id elit ipsum velit. Nam nec tellus a odio tincidunt auctor a ornare odio. Sed non mauris vitae erat consequat auctor eu in elit. Class aptent taciti sociosqu<\/span><\/p>\n<p>[\/vc_column_text]    <\/div>\n<\/div><h4 class=\"clearfix qode-title-holder\">\n<span class=\"qode-tab-title\">\n\t\t\t<span class=\"qode-tab-title-icon\">\n\t\t\t<span aria-hidden=\"true\" class=\"qode_icon_font_elegant icon_clock_alt \" ><\/span>\t\t<\/span>\n\t    <span class=\"qode-tab-title-inner\">\n        Lorem ipsum    <\/span>\n<\/span>\n<span class=\"qode-accordion-mark\">\n    <span class=\"qode-accordion-mark-icon\">\n        <span class=\"icon_plus\"><\/span>\n        <span class=\"icon_minus-06\"><\/span>\n    <\/span>\n<\/span>\n<\/h4>\n<div class=\"qode-accordion-content qode-acc-title-with-icon\" style=\"background-image: url(https:\/\/navigatiosolis.lt\/wp-content\/uploads\/2018\/10\/\u0417\u0430\u043a\u0430\u0442-\u0441-\u0447\u0430\u0438\u0306\u043a\u0430\u043c\u0438-1024x476.jpg); padding: 20px 73px 62px 60px\">\n    <div class=\"qode-accordion-content-inner\">\n        [vc_column_text]<\/p>\n<p style=\"text-align: left;\"><span style=\"color: #f4f4f4;\">This is Photoshop&#8217;s version of Lorem Ipsum. Proin gravida nibh vel velit auctor aliquet. Aenean sollicitudi lorem ipsum dolor lorem quis bibendum auctor, nisi elit consequat ipsum, nec sagittis sem nibh id elit ipsum velit. Nam nec tellus a odio tincidunt auctor a ornare odio. Sed non mauris vitae erat consequat auctor eu in elit. Class aptent taciti sociosqu<\/span><\/p>\n<p>[\/vc_column_text]    <\/div>\n<\/div><h4 class=\"clearfix qode-title-holder\">\n<span class=\"qode-tab-title\">\n\t\t\t<span class=\"qode-tab-title-icon\">\n\t\t\t<span aria-hidden=\"true\" class=\"qode_icon_font_elegant icon_lock_alt \" ><\/span>\t\t<\/span>\n\t    <span class=\"qode-tab-title-inner\">\n        Lorem ipsum    <\/span>\n<\/span>\n<span class=\"qode-accordion-mark\">\n    <span class=\"qode-accordion-mark-icon\">\n        <span class=\"icon_plus\"><\/span>\n        <span class=\"icon_minus-06\"><\/span>\n    <\/span>\n<\/span>\n<\/h4>\n<div class=\"qode-accordion-content qode-acc-title-with-icon\" style=\"background-image: url(https:\/\/navigatiosolis.lt\/wp-content\/uploads\/2018\/10\/\u0417\u0430\u043a\u0430\u0442-\u0441-\u0447\u0430\u0438\u0306\u043a\u0430\u043c\u0438-1024x476.jpg); padding: 20px 73px 62px 60px\">\n    <div class=\"qode-accordion-content-inner\">\n        [vc_column_text]<\/p>\n<p style=\"text-align: left;\"><span style=\"color: #f4f4f4;\">This is Photoshop&#8217;s version of Lorem Ipsum. Proin gravida nibh vel velit auctor aliquet. Aenean sollicitudi lorem ipsum dolor lorem quis bibendum auctor, nisi elit consequat ipsum, nec sagittis sem nibh id elit ipsum velit. Nam nec tellus a odio tincidunt auctor a ornare odio. Sed non mauris vitae erat consequat auctor eu in elit. Class aptent taciti sociosqu<\/span><\/p>\n<p>[\/vc_column_text]    <\/div>\n<\/div><h4 class=\"clearfix qode-title-holder\">\n<span class=\"qode-tab-title\">\n\t\t\t<span class=\"qode-tab-title-icon\">\n\t\t\t<span aria-hidden=\"true\" class=\"qode_icon_font_elegant icon_adjust-vert \" ><\/span>\t\t<\/span>\n\t    <span class=\"qode-tab-title-inner\">\n        Lorem ipsum    <\/span>\n<\/span>\n<span class=\"qode-accordion-mark\">\n    <span class=\"qode-accordion-mark-icon\">\n        <span class=\"icon_plus\"><\/span>\n        <span class=\"icon_minus-06\"><\/span>\n    <\/span>\n<\/span>\n<\/h4>\n<div class=\"qode-accordion-content qode-acc-title-with-icon\" style=\"background-image: url(https:\/\/navigatiosolis.lt\/wp-content\/uploads\/2018\/10\/\u0417\u0430\u043a\u0430\u0442-\u0441-\u0447\u0430\u0438\u0306\u043a\u0430\u043c\u0438-1024x476.jpg); padding: 20px 73px 62px 60px\">\n    <div class=\"qode-accordion-content-inner\">\n        [vc_column_text]<\/p>\n<p style=\"text-align: left;\"><span style=\"color: #f4f4f4;\">This is Photoshop&#8217;s version of Lorem Ipsum. Proin gravida nibh vel velit auctor aliquet. Aenean sollicitudi lorem ipsum dolor lorem quis bibendum auctor, nisi elit consequat ipsum, nec sagittis sem nibh id elit ipsum velit. Nam nec tellus a odio tincidunt auctor a ornare odio. Sed non mauris vitae erat consequat auctor eu in elit. Class aptent taciti sociosqu<\/span><\/p>\n<p>[\/vc_column_text]    <\/div>\n<\/div><\/div>[vc_empty_space height=&#8221;55px&#8221;][\/vc_column][\/vc_row]<\/p>\n","protected":false},"excerpt":{"rendered":"<p>[vc_row css_animation=&#8221;element_from_bottom&#8221; row_type=&#8221;row&#8221; use_row_as_full_screen_section=&#8221;no&#8221; type=&#8221;grid&#8221; angled_section=&#8221;no&#8221; text_align=&#8221;left&#8221; background_image_as_pattern=&#8221;without_pattern&#8221; z_index=&#8221;&#8221; css=&#8221;.vc_custom_1526377465868{padding-top: 3% !important;padding-bottom: 5% !important;background-color: #ffffff !important;}&#8221;][vc_column][qode_elements_holder number_of_columns=&#8221;two_columns&#8221; columns_proportion=&#8221;25_75&#8243;][qode_elements_holder_item advanced_animations=&#8221;no&#8221;][vc_empty_space][vc_single_image image=&#8221;335&#8243; img_size=&#8221;400&#215;400&#8243; alignment=&#8221;center&#8221; style=&#8221;vc_box_circle_2&#8243; qode_css_animation=&#8221;&#8221;][\/qode_elements_holder_item][qode_elements_holder_item item_padding=&#8221;2% 5% 2% 3%&#8221; advanced_animations=&#8221;no&#8221;][vc_empty_space][vc_column_text] Lorem ipsum [\/vc_column_text][vc_separator type=&#8221;small&#8221; position=&#8221;left&#8221;][vc_column_text]Lorem ipsum dolor sit amet, consectetur adipiscing elit. Morbi quis consectetur nunc,&#8230;<\/p>\n","protected":false},"author":1,"featured_media":0,"parent":0,"menu_order":0,"comment_status":"closed","ping_status":"closed","template":"full_width.php","meta":{"footnotes":""},"class_list":["post-565","page","type-page","status-publish","hentry"],"_links":{"self":[{"href":"https:\/\/navigatiosolis.lt\/lt\/wp-json\/wp\/v2\/pages\/565","targetHints":{"allow":["GET"]}}],"collection":[{"href":"https:\/\/navigatiosolis.lt\/lt\/wp-json\/wp\/v2\/pages"}],"about":[{"href":"https:\/\/navigatiosolis.lt\/lt\/wp-json\/wp\/v2\/types\/page"}],"author":[{"embeddable":true,"href":"https:\/\/navigatiosolis.lt\/lt\/wp-json\/wp\/v2\/users\/1"}],"replies":[{"embeddable":true,"href":"https:\/\/navigatiosolis.lt\/lt\/wp-json\/wp\/v2\/comments?post=565"}],"version-history":[{"count":6,"href":"https:\/\/navigatiosolis.lt\/lt\/wp-json\/wp\/v2\/pages\/565\/revisions"}],"predecessor-version":[{"id":637,"href":"https:\/\/navigatiosolis.lt\/lt\/wp-json\/wp\/v2\/pages\/565\/revisions\/637"}],"wp:attachment":[{"href":"https:\/\/navigatiosolis.lt\/lt\/wp-json\/wp\/v2\/media?parent=565"}],"curies":[{"name":"wp","href":"https:\/\/api.w.org\/{rel}","templated":true}]}}