{"id":539,"date":"2018-09-10T07:07:57","date_gmt":"2018-09-10T07:07:57","guid":{"rendered":"https:\/\/navigatiosolis.lt\/?page_id=539"},"modified":"2018-10-16T09:44:21","modified_gmt":"2018-10-16T09:44:21","slug":"musu-paslaugos","status":"publish","type":"page","link":"https:\/\/navigatiosolis.lt\/lt\/kompanija\/musu-paslaugos\/","title":{"rendered":"M\u016bs\u0173 paslaugos"},"content":{"rendered":"<p>[vc_row css_animation=&#8221;&#8221; row_type=&#8221;row&#8221; use_row_as_full_screen_section=&#8221;no&#8221; type=&#8221;full_width&#8221; angled_section=&#8221;no&#8221; text_align=&#8221;left&#8221; background_image_as_pattern=&#8221;without_pattern&#8221;][vc_column][vc_empty_space][\/vc_column][\/vc_row][vc_row css_animation=&#8221;&#8221; row_type=&#8221;row&#8221; use_row_as_full_screen_section=&#8221;no&#8221; type=&#8221;grid&#8221; angled_section=&#8221;no&#8221; text_align=&#8221;left&#8221; background_image_as_pattern=&#8221;without_pattern&#8221; z_index=&#8221;&#8221;][vc_column][qode_elements_holder number_of_columns=&#8221;two_columns&#8221; columns_proportion=&#8221;66_33&#8243;][qode_elements_holder_item item_padding=&#8221;5% &#8221; advanced_animations=&#8221;no&#8221; item_padding_480_600=&#8221;4%&#8221; item_padding_480=&#8221;3%&#8221;][vc_empty_space][vc_column_text]<\/p>\n<h4>Lorem ipsum dolor sit amet<\/h4>\n<p>[\/vc_column_text][vc_separator type=&#8221;small&#8221; position=&#8221;left&#8221;][vc_empty_space][vc_column_text]Lorem ipsum dolor sit amet, consectetur adipiscing elit. Ut vel dui quis libero rutrum accumsan eu sit amet nisi. Vestibulum malesuada viverra odio et egestas. Sed justo felis, tincidunt non leo at, consequat varius lorem. Sed vitae nisl blandit, imperdiet lacus a, blandit urna. Orci varius natoque penatibus et magnis dis parturient montes, nascetur ridiculus mus. Ut id auctor lectus. Phasellus eget ultricies nisl. Pellentesque et nunc convallis, faucibus neque et, auctor eros. Duis molestie sapien sit amet ex fringilla maximus. Morbi viverra bibendum enim, in consequat odio ultrices nec. Morbi ac urna imperdiet felis sollicitudin euismod.[\/vc_column_text][vc_empty_space][\/qode_elements_holder_item][qode_elements_holder_item advanced_animations=&#8221;no&#8221;][vc_single_image image=&#8221;687&#8243; img_size=&#8221;400&#215;400&#8243; alignment=&#8221;center&#8221; style=&#8221;vc_box_circle_2&#8243; qode_css_animation=&#8221;&#8221;][\/qode_elements_holder_item][\/qode_elements_holder][vc_empty_space height=&#8221;52px&#8221;][\/vc_column][\/vc_row][vc_row css_animation=&#8221;&#8221; row_type=&#8221;row&#8221; use_row_as_full_screen_section=&#8221;no&#8221; type=&#8221;full_width&#8221; angled_section=&#8221;no&#8221; text_align=&#8221;left&#8221; background_image_as_pattern=&#8221;without_pattern&#8221; css=&#8221;.vc_custom_1526374956466{background-color: rgba(215,220,233,0.67) !important;*background-color: rgb(215,220,233) !important;}&#8221; z_index=&#8221;&#8221;][vc_column][qode_elements_holder number_of_columns=&#8221;two_columns&#8221;][qode_elements_holder_item background_image=&#8221;677&#8243; cover=&#8221;yes&#8221; advanced_animations=&#8221;no&#8221;][vc_empty_space height=&#8221;200px&#8221;][\/qode_elements_holder_item][qode_elements_holder_item item_padding=&#8221;5%&#8221; advanced_animations=&#8221;no&#8221;]<div class='q_icon_with_title small circle left_from_title '><div class=\"icon_text_holder\" style=\"\"><div class=\"icon_text_inner\" style=\"\"><div class=\"icon_title_holder\"><div class=\"icon_holder q_icon_animation\" style=\" \"><span data-icon-type=\"circle\" data-icon-hover-color=\"#233d8d\"  class=\"qode_iwt_icon_holder fa-stack fa-2x  \" style=\"background-color: #233d8d;\"><i class=\"qode_icon_font_awesome fa fa-ship qode_iwt_icon_element\" style=\"color: #ffffff;\" ><\/i><\/span><\/div><h4 class=\"icon_title\" style=\"\">Trampini\u0173 ir linijini\u0173 laiv\u0173 agentavimas <\/h4><\/div><p style=''>Lorem ipsum dolor sit amet, consectetur adipiscing elit. Ut vel dui quis libero rutrum accumsan eu sit amet nisi. Vestibulum malesuada viverra odio et egestas.<\/p><\/div><\/div><\/div><div class='q_icon_with_title small circle left_from_title '><div class=\"icon_text_holder\" style=\"\"><div class=\"icon_text_inner\" style=\"\"><div class=\"icon_title_holder\"><div class=\"icon_holder q_icon_animation\" style=\" \"><span data-icon-type=\"circle\" data-icon-hover-color=\"#233d8d\"  class=\"qode_iwt_icon_holder fa-stack fa-2x  \" style=\"background-color: #233d8d;\"><i class=\"qode_icon_font_awesome fa fa-ship qode_iwt_icon_element\" style=\"color: #ffffff;\" ><\/i><\/span><\/div><h4 class=\"icon_title\" style=\"\">Brokerio tarpininkavimas<\/h4><\/div><p style=''>Lorem ipsum dolor sit amet, consectetur adipiscing elit. Ut vel dui quis libero rutrum accumsan eu sit amet nisi. Vestibulum malesuada viverra odio et egestas.<\/p><\/div><\/div><\/div><div class='q_icon_with_title small circle left_from_title '><div class=\"icon_text_holder\" style=\"\"><div class=\"icon_text_inner\" style=\"\"><div class=\"icon_title_holder\"><div class=\"icon_holder q_icon_animation\" style=\" \"><span data-icon-type=\"circle\" data-icon-hover-color=\"#233d8d\"  class=\"qode_iwt_icon_holder fa-stack fa-2x  \" style=\"background-color: #233d8d;\"><i class=\"qode_icon_font_awesome fa fa-ship qode_iwt_icon_element\" style=\"color: #ffffff;\" ><\/i><\/span><\/div><h4 class=\"icon_title\" style=\"\">Krovini\u0173 ekspedijavimas ir muitin\u0117s paslaugos<\/h4><\/div><p style=''>Lorem ipsum dolor sit amet, consectetur adipiscing elit. Ut vel dui quis libero rutrum accumsan eu sit amet nisi. Vestibulum malesuada viverra odio et egestas.<\/p><\/div><\/div><\/div><div class='q_icon_with_title small circle left_from_title '><div class=\"icon_text_holder\" style=\"\"><div class=\"icon_text_inner\" style=\"\"><div class=\"icon_title_holder\"><div class=\"icon_holder q_icon_animation\" style=\" \"><span data-icon-type=\"circle\" data-icon-hover-color=\"#233d8d\"  class=\"qode_iwt_icon_holder fa-stack fa-2x  \" style=\"background-color: #233d8d;\"><i class=\"qode_icon_font_awesome fa fa-ship qode_iwt_icon_element\" style=\"color: #ffffff;\" ><\/i><\/span><\/div><h4 class=\"icon_title\" style=\"\">Projektai ir transportavimas<\/h4><\/div><p style=''>Lorem ipsum dolor sit amet, consectetur adipiscing elit. Ut vel dui quis libero rutrum accumsan eu sit amet nisi. Vestibulum malesuada viverra odio et egestas.<\/p><\/div><\/div><\/div>[\/qode_elements_holder_item][\/qode_elements_holder][\/vc_column][\/vc_row][vc_row css_animation=&#8221;&#8221; row_type=&#8221;row&#8221; use_row_as_full_screen_section=&#8221;no&#8221; type=&#8221;grid&#8221; angled_section=&#8221;no&#8221; text_align=&#8221;left&#8221; background_image_as_pattern=&#8221;without_pattern&#8221; z_index=&#8221;&#8221;][vc_column][qode_elements_holder number_of_columns=&#8221;one_column&#8221;][qode_elements_holder_item item_padding=&#8221;5% 2%&#8221; advanced_animations=&#8221;no&#8221; item_padding_480_600=&#8221;4%&#8221; item_padding_480=&#8221;3%&#8221;][vc_empty_space][vc_column_text]<\/p>\n<h4>Lorem ipsum dolor sit amet<\/h4>\n<p>[\/vc_column_text][vc_separator type=&#8221;small&#8221; position=&#8221;left&#8221;][vc_empty_space][vc_column_text]Lorem ipsum dolor sit amet, consectetur adipiscing elit. Ut vel dui quis libero rutrum accumsan eu sit amet nisi. Vestibulum malesuada viverra odio et egestas. Sed justo felis, tincidunt non leo at, consequat varius lorem. Sed vitae nisl blandit, imperdiet lacus a, blandit urna. Orci varius natoque penatibus et magnis dis parturient montes, nascetur ridiculus mus. Ut id auctor lectus. Phasellus eget ultricies nisl. Pellentesque et nunc convallis, faucibus neque et, auctor eros. Duis molestie sapien sit amet ex fringilla maximus. Morbi viverra bibendum enim, in consequat odio ultrices nec. Morbi ac urna imperdiet felis sollicitudin euismod. Proin rhoncus ante in efficitur pulvinar. Phasellus semper imperdiet velit at posuere. Sed vehicula velit sollicitudin metus mollis mattis. Vestibulum id nisi gravida, semper sapien quis, vestibulum tellus. Vestibulum vestibulum aliquet arcu, quis consectetur quam luctus nec.[\/vc_column_text][vc_empty_space][vc_column_text]Lorem ipsum dolor sit amet, consectetur adipiscing elit. Ut vel dui quis libero rutrum accumsan eu sit amet nisi. Vestibulum malesuada viverra odio et egestas. Sed justo felis, tincidunt non leo at, consequat varius lorem. Sed vitae nisl blandit, imperdiet lacus a, blandit urna. Orci varius natoque penatibus et magnis dis parturient montes, nascetur ridiculus mus. Ut id auctor lectus. Phasellus eget ultricies nisl. Pellentesque et nunc convallis, faucibus neque et, auctor eros. Duis molestie sapien sit amet ex fringilla maximus. Morbi viverra bibendum enim, in consequat odio ultrices nec. Morbi ac urna imperdiet felis sollicitudin euismod. Proin rhoncus ante in efficitur pulvinar. Phasellus semper imperdiet velit at posuere. Sed vehicula velit sollicitudin metus mollis mattis. Vestibulum id nisi gravida, semper sapien quis, vestibulum tellus. Vestibulum vestibulum aliquet arcu, quis consectetur quam luctus nec.[\/vc_column_text][vc_empty_space][\/qode_elements_holder_item][\/qode_elements_holder][\/vc_column][\/vc_row]<\/p>\n","protected":false},"excerpt":{"rendered":"<p>[vc_row css_animation=&#8221;&#8221; row_type=&#8221;row&#8221; use_row_as_full_screen_section=&#8221;no&#8221; type=&#8221;full_width&#8221; angled_section=&#8221;no&#8221; text_align=&#8221;left&#8221; background_image_as_pattern=&#8221;without_pattern&#8221;][vc_column][vc_empty_space][\/vc_column][\/vc_row][vc_row css_animation=&#8221;&#8221; row_type=&#8221;row&#8221; use_row_as_full_screen_section=&#8221;no&#8221; type=&#8221;grid&#8221; angled_section=&#8221;no&#8221; text_align=&#8221;left&#8221; background_image_as_pattern=&#8221;without_pattern&#8221; z_index=&#8221;&#8221;][vc_column][qode_elements_holder number_of_columns=&#8221;two_columns&#8221; columns_proportion=&#8221;66_33&#8243;][qode_elements_holder_item item_padding=&#8221;5% &#8221; advanced_animations=&#8221;no&#8221; item_padding_480_600=&#8221;4%&#8221; item_padding_480=&#8221;3%&#8221;][vc_empty_space][vc_column_text] Lorem ipsum dolor sit amet [\/vc_column_text][vc_separator type=&#8221;small&#8221; position=&#8221;left&#8221;][vc_empty_space][vc_column_text]Lorem ipsum dolor sit amet, consectetur adipiscing elit. Ut vel dui quis libero rutrum accumsan&#8230;<\/p>\n","protected":false},"author":1,"featured_media":0,"parent":522,"menu_order":0,"comment_status":"closed","ping_status":"closed","template":"full_width.php","meta":{"footnotes":""},"class_list":["post-539","page","type-page","status-publish","hentry"],"_links":{"self":[{"href":"https:\/\/navigatiosolis.lt\/lt\/wp-json\/wp\/v2\/pages\/539","targetHints":{"allow":["GET"]}}],"collection":[{"href":"https:\/\/navigatiosolis.lt\/lt\/wp-json\/wp\/v2\/pages"}],"about":[{"href":"https:\/\/navigatiosolis.lt\/lt\/wp-json\/wp\/v2\/types\/page"}],"author":[{"embeddable":true,"href":"https:\/\/navigatiosolis.lt\/lt\/wp-json\/wp\/v2\/users\/1"}],"replies":[{"embeddable":true,"href":"https:\/\/navigatiosolis.lt\/lt\/wp-json\/wp\/v2\/comments?post=539"}],"version-history":[{"count":3,"href":"https:\/\/navigatiosolis.lt\/lt\/wp-json\/wp\/v2\/pages\/539\/revisions"}],"predecessor-version":[{"id":689,"href":"https:\/\/navigatiosolis.lt\/lt\/wp-json\/wp\/v2\/pages\/539\/revisions\/689"}],"up":[{"embeddable":true,"href":"https:\/\/navigatiosolis.lt\/lt\/wp-json\/wp\/v2\/pages\/522"}],"wp:attachment":[{"href":"https:\/\/navigatiosolis.lt\/lt\/wp-json\/wp\/v2\/media?parent=539"}],"curies":[{"name":"wp","href":"https:\/\/api.w.org\/{rel}","templated":true}]}}